{"id":1841,"date":"2022-09-22T09:54:54","date_gmt":"2022-09-22T07:54:54","guid":{"rendered":"http:\/\/www.agrolinepoland.pl\/?page_id=1841"},"modified":"2023-11-23T15:44:58","modified_gmt":"2023-11-23T13:44:58","slug":"ogolne-warunki-sprzedazy","status":"publish","type":"page","link":"https:\/\/www.agrolinepoland.pl\/ru\/ogolne-warunki-sprzedazy\/","title":{"rendered":"Og\u00f3lne warunki sprzeda\u017cy"},"content":{"rendered":"<div data-elementor-type=\"wp-page\" data-elementor-id=\"1841\" class=\"elementor elementor-1841\" data-elementor-post-type=\"page\">\n\t\t\t\t\t\t\t<div class=\"elementor-element elementor-element-e55d6fc e-con-full e-flex e-con\" data-id=\"e55d6fc\" data-element_type=\"container\" data-settings=\"{&quot;content_width&quot;:&quot;full&quot;}\">\n\t\t\t\t<div class=\"elementor-element elementor-element-f887da0 elementor-widget elementor-widget-heading\" data-id=\"f887da0\" data-element_type=\"widget\" data-widget_type=\"heading.default\">\n\t\t\t\t<div class=\"elementor-widget-container\">\n\t\t\t<style>\/*! elementor - v3.15.0 - 09-08-2023 *\/\n.elementor-heading-title{padding:0;margin:0;line-height:1}.elementor-widget-heading .elementor-heading-title[class*=elementor-size-]>a{color:inherit;font-size:inherit;line-height:inherit}.elementor-widget-heading .elementor-heading-title.elementor-size-small{font-size:15px}.elementor-widget-heading .elementor-heading-title.elementor-size-medium{font-size:19px}.elementor-widget-heading .elementor-heading-title.elementor-size-large{font-size:29px}.elementor-widget-heading .elementor-heading-title.elementor-size-xl{font-size:39px}.elementor-widget-heading .elementor-heading-title.elementor-size-xxl{font-size:59px}<\/style><h3 class=\"elementor-heading-title elementor-size-default\">Og\u00f3lne warunki sprzeda\u017cy<\/h3>\t\t<\/div>\n\t\t\t\t<\/div>\n\t\t\t\t<div class=\"elementor-element elementor-element-c4e5d5c elementor-widget elementor-widget-heading\" data-id=\"c4e5d5c\" data-element_type=\"widget\" data-widget_type=\"heading.default\">\n\t\t\t\t<div class=\"elementor-widget-container\">\n\t\t\t<h6 class=\"elementor-heading-title elementor-size-default\">Z DNIA 4.01.2016R.<\/h6>\t\t<\/div>\n\t\t\t\t<\/div>\n\t\t\t\t<\/div>\n\t\t<div class=\"elementor-element elementor-element-a077347 e-con-full e-flex e-con\" data-id=\"a077347\" data-element_type=\"container\" data-settings=\"{&quot;content_width&quot;:&quot;full&quot;}\">\n\t\t\t\t<div class=\"elementor-element elementor-element-3a110e1 elementor-widget elementor-widget-heading\" data-id=\"3a110e1\" data-element_type=\"widget\" data-widget_type=\"heading.default\">\n\t\t\t\t<div class=\"elementor-widget-container\">\n\t\t\t<h3 class=\"elementor-heading-title elementor-size-default\">Og\u00f3lne warunki zakupu<\/h3>\t\t<\/div>\n\t\t\t\t<\/div>\n\t\t\t\t<\/div>\n\t\t\t\t\t\t\t<\/div>","protected":false},"excerpt":{"rendered":"<p>Og\u00f3lne warunki sprzeda\u017cy Z DNIA 4.01.2016R. \u00a7 1. Niniejsze Og\u00f3lne Warunki Sprzeda\u017cy, zwanej w dalej \u201eOWS\u201d, znajduj\u0105 zastosowanie w odniesieniu do wszystkich um\u00f3w sprzeda\u017cy mi\u0119sa i produkt\u00f3w mi\u0119snych (zwanych dalej \u0142\u0105cznie \u201eTowarami\u201d) zawieranych pomi\u0119dzy Agroline Sp. z o.o. Sp.k. z siedzib\u0105 przy ul. Rzemie\u015blnicza 17\/19, 81-855 Sopot, zarejestrowan\u0105 w rejestrze przedsi\u0119biorc\u00f3w Krajowego Rejestru S\u0105dowego przez [&hellip;]<\/p>","protected":false},"author":1,"featured_media":0,"parent":0,"menu_order":0,"comment_status":"closed","ping_status":"closed","template":"","meta":{"footnotes":""},"class_list":["post-1841","page","type-page","status-publish","hentry"],"_links":{"self":[{"href":"https:\/\/www.agrolinepoland.pl\/ru\/wp-json\/wp\/v2\/pages\/1841","targetHints":{"allow":["GET"]}}],"collection":[{"href":"https:\/\/www.agrolinepoland.pl\/ru\/wp-json\/wp\/v2\/pages"}],"about":[{"href":"https:\/\/www.agrolinepoland.pl\/ru\/wp-json\/wp\/v2\/types\/page"}],"author":[{"embeddable":true,"href":"https:\/\/www.agrolinepoland.pl\/ru\/wp-json\/wp\/v2\/users\/1"}],"replies":[{"embeddable":true,"href":"https:\/\/www.agrolinepoland.pl\/ru\/wp-json\/wp\/v2\/comments?post=1841"}],"version-history":[{"count":25,"href":"https:\/\/www.agrolinepoland.pl\/ru\/wp-json\/wp\/v2\/pages\/1841\/revisions"}],"predecessor-version":[{"id":2281,"href":"https:\/\/www.agrolinepoland.pl\/ru\/wp-json\/wp\/v2\/pages\/1841\/revisions\/2281"}],"wp:attachment":[{"href":"https:\/\/www.agrolinepoland.pl\/ru\/wp-json\/wp\/v2\/media?parent=1841"}],"curies":[{"name":"wp","href":"https:\/\/api.w.org\/{rel}","templated":true}]}}